{"id":7,"date":"2016-10-05T05:36:12","date_gmt":"2016-10-05T05:36:12","guid":{"rendered":"http:\/\/localhost\/flash\/?page_id=4"},"modified":"2024-03-19T14:02:13","modified_gmt":"2024-03-19T13:02:13","slug":"home","status":"publish","type":"page","link":"https:\/\/okokontener.hu\/","title":{"rendered":"Home"},"content":{"rendered":"<div id=\"pl-7\"  class=\"panel-layout\" ><div id=\"pg-7-0\"  class=\"panel-grid panel-no-style\" ><div id=\"pgc-7-0-0\"  class=\"panel-grid-cell\" ><div id=\"panel-7-0-0-0\" class=\"widget_text so-panel widget widget_custom_html panel-first-child panel-last-child\" data-index=\"0\" ><div class=\"textwidget custom-html-widget\"><div class='white' style='background:rgb(255, 255, 255); border:solid 1px #f0f0f0; border-radius:5px; padding:0px 0px 0px 0px;'>\n<div id='sample_slider' class='owl-carousel sa_owl_theme owl-pagination-true autohide-arrows' data-slider-id='sample_slider' style='visibility:hidden;'>\n<div id='sample_slider_slide03' class='sa_hover_container' style='padding:0% 0%; margin:0px 0%; background-image:url(&quot;https:\/\/okokontener.hu\/wp-content\/uploads\/2024\/03\/kobelco-1.jpg&quot;); background-position:center center; background-size:contain; background-repeat:no-repeat; background-color:rgb(255, 255, 255); '><div class='sa_hover_buttons' style='top:50%; left:50%; margin-top:-20px; margin-left:-20px;'><a class='sa_slide_link_icon' href='https:\/\/okokontener.hu\/?page_id=124' target='_self' title='' aria-label=''><\/a><\/div>\n<\/div>\n<div id='sample_slider_slide04' class='sa_hover_container' style='padding:0% 0%; margin:0px 0%; background-image:url(&quot;https:\/\/okokontener.hu\/wp-content\/uploads\/2024\/03\/jcb-1.jpg&quot;); background-position:center center; background-size:contain; background-repeat:no-repeat; background-color:rgb(255, 255, 255); '><div class='sa_hover_buttons' style='top:50%; left:50%; margin-top:-20px; margin-left:-20px;'><a class='sa_slide_link_icon' href='https:\/\/okokontener.hu\/?page_id=124' target='_self' title='' aria-label=''><\/a><\/div>\n<\/div>\n<div id='sample_slider_slide02' class='sa_hover_container' style='padding:0% 0%; margin:0px 0%; background-image:url(&quot;https:\/\/okokontener.hu\/wp-content\/uploads\/2024\/03\/man-1.jpg&quot;); background-position:center center; background-size:contain; background-repeat:no-repeat; background-color:rgb(255, 255, 255); '><div class='sa_hover_buttons' style='top:50%; left:50%; margin-top:-20px; margin-left:-20px;'><a class='sa_slide_link_icon' href='https:\/\/okokontener.hu\/?page_id=124' target='_blank' title='' aria-label=''><\/a><\/div>\n<div style=\"text-align: center;padding-bottom: 10px\">\r\n<h3>\u00a0<\/h3>\r\n<p>&nbsp;<\/p>\r\n<\/div><\/div>\n<div id='sample_slider_slide05' class='sa_hover_container' style='padding:0% 0%; margin:0px 0%; background-image:url(&quot;https:\/\/okokontener.hu\/wp-content\/uploads\/2024\/03\/CAT.jpg&quot;); background-position:center center; background-size:contain; background-repeat:no-repeat; background-color:rgb(255, 255, 255); '><div class='sa_hover_buttons' style='top:50%; left:50%; margin-top:-20px; margin-left:-20px;'><a class='sa_slide_link_icon' href='https:\/\/okokontener.hu\/?page_id=124' target='_self' title='' aria-label=''><\/a><\/div>\n<\/div>\n<div id='sample_slider_slide01' class='sa_hover_container' style='padding:0% 0%; margin:0px 0%; background-image:url(&quot;https:\/\/okokontener.hu\/wp-content\/uploads\/2024\/03\/2man-1.jpg&quot;); background-position:center center; background-size:contain; background-repeat:no-repeat; background-color:rgb(255, 255, 255); '><div class='sa_hover_buttons' style='top:50%; left:50%; margin-top:-20px; margin-left:-20px;'><a class='sa_slide_link_icon' href='https:\/\/okokontener.hu\/?page_id=124' target='_blank' title='' aria-label=''><\/a><\/div>\n<\/div>\n<\/div>\n<\/div>\n<script type='text\/javascript'>\n\tjQuery(document).ready(function() {\n\t\tjQuery('#sample_slider').owlCarousel({\n\t\t\tresponsive:{\n\t\t\t\t0:{ items:2 },\n\t\t\t\t480:{ items:2 },\n\t\t\t\t768:{ items:2 },\n\t\t\t\t980:{ items:2 },\n\t\t\t\t1200:{ items:2 },\n\t\t\t\t1500:{ items:2 }\n\t\t\t},\n\t\t\tautoplay : true,\n\t\t\tautoplayTimeout : 3100,\n\t\t\tautoplayHoverPause : true,\n\t\t\tsmartSpeed : 300,\n\t\t\tfluidSpeed : 300,\n\t\t\tautoplaySpeed : 300,\n\t\t\tnavSpeed : 300,\n\t\t\tdotsSpeed : 300,\n\t\t\tdotsEach : 1,\n\t\t\tloop : true,\n\t\t\tnav : true,\n\t\t\tnavText : ['Previous','Next'],\n\t\t\tdots : true,\n\t\t\tresponsiveRefreshRate : 200,\n\t\t\tslideBy : 1,\n\t\t\tmergeFit : true,\n\t\t\tautoHeight : false,\n\t\t\tmouseDrag : false,\n\t\t\ttouchDrag : true\n\t\t});\n\t\tjQuery('#sample_slider').css('visibility', 'visible');\n\t\tsa_resize_sample_slider();\n\t\twindow.addEventListener('resize', sa_resize_sample_slider);\n\t\tfunction sa_resize_sample_slider() {\n\t\t\tvar min_height = '50';\n\t\t\tvar win_width = jQuery(window).width();\n\t\t\tvar slider_width = jQuery('#sample_slider').width();\n\t\t\tif (win_width < 480) {\n\t\t\t\tvar slide_width = slider_width \/ 2;\n\t\t\t} else if (win_width < 768) {\n\t\t\t\tvar slide_width = slider_width \/ 2;\n\t\t\t} else if (win_width < 980) {\n\t\t\t\tvar slide_width = slider_width \/ 2;\n\t\t\t} else if (win_width < 1200) {\n\t\t\t\tvar slide_width = slider_width \/ 2;\n\t\t\t} else if (win_width < 1500) {\n\t\t\t\tvar slide_width = slider_width \/ 2;\n\t\t\t} else {\n\t\t\t\tvar slide_width = slider_width \/ 2;\n\t\t\t}\n\t\t\tslide_width = Math.round(slide_width);\n\t\t\tvar slide_height = '0';\n\t\t\tif (min_height == 'aspect43') {\n\t\t\t\tslide_height = (slide_width \/ 4) * 3;\t\t\t\tslide_height = Math.round(slide_height);\n\t\t\t} else if (min_height == 'aspect169') {\n\t\t\t\tslide_height = (slide_width \/ 16) * 9;\t\t\t\tslide_height = Math.round(slide_height);\n\t\t\t} else {\n\t\t\t\tslide_height = (slide_width \/ 100) * min_height;\t\t\t\tslide_height = Math.round(slide_height);\n\t\t\t}\n\t\t\tjQuery('#sample_slider .owl-item .sa_hover_container').css('min-height', slide_height+'px');\n\t\t}\n\t\tvar owl_goto = jQuery('#sample_slider');\n\t\tjQuery('.sample_slider_goto1').click(function(event){\n\t\t\towl_goto.trigger('to.owl.carousel', 0);\n\t\t});\n\t\tjQuery('.sample_slider_goto2').click(function(event){\n\t\t\towl_goto.trigger('to.owl.carousel', 1);\n\t\t});\n\t\tjQuery('.sample_slider_goto3').click(function(event){\n\t\t\towl_goto.trigger('to.owl.carousel', 2);\n\t\t});\n\t\tjQuery('.sample_slider_goto4').click(function(event){\n\t\t\towl_goto.trigger('to.owl.carousel', 3);\n\t\t});\n\t\tjQuery('.sample_slider_goto5').click(function(event){\n\t\t\towl_goto.trigger('to.owl.carousel', 4);\n\t\t});\n\t\tvar resize_508 = jQuery('.owl-carousel');\n\t\tresize_508.on('initialized.owl.carousel', function(e) {\n\t\t\tif (typeof(Event) === 'function') {\n\t\t\t\twindow.dispatchEvent(new Event('resize'));\n\t\t\t} else {\n\t\t\t\tvar evt = window.document.createEvent('UIEvents');\n\t\t\t\tevt.initUIEvent('resize', true, false, window, 0);\n\t\t\t\twindow.dispatchEvent(evt);\n\t\t\t}\n\t\t});\n\t});\n<\/script>\n<\/div><\/div><\/div><\/div><div id=\"pg-7-1\"  class=\"panel-grid panel-no-style\" ><div id=\"pgc-7-1-0\"  class=\"panel-grid-cell\" ><div id=\"panel-7-1-0-0\" class=\"so-panel widget widget_sow-editor panel-first-child panel-last-child\" data-index=\"1\" ><div\n\t\t\t\n\t\t\tclass=\"so-widget-sow-editor so-widget-sow-editor-base\"\n\t\t\t\n\t\t>\n<div class=\"siteorigin-widget-tinymce textwidget\">\n\t<h1 style=\"text-align: center;\"><strong>K\u00f6rnyezetv\u00e9delmi politik\u00e1nk<\/strong><\/h1>\n<p>&nbsp;<\/p>\n<p><img loading=\"lazy\" decoding=\"async\" class=\"size-medium wp-image-466 alignleft\" src=\"https:\/\/okokontener.hu\/wp-content\/uploads\/2024\/03\/planet-earth-300x300.png\" alt=\"\" width=\"300\" height=\"300\" srcset=\"https:\/\/okokontener.hu\/wp-content\/uploads\/2024\/03\/planet-earth-300x300.png 300w, https:\/\/okokontener.hu\/wp-content\/uploads\/2024\/03\/planet-earth-150x150.png 150w, https:\/\/okokontener.hu\/wp-content\/uploads\/2024\/03\/planet-earth-375x375.png 375w, https:\/\/okokontener.hu\/wp-content\/uploads\/2024\/03\/planet-earth.png 512w\" sizes=\"auto, (max-width: 300px) 100vw, 300px\" \/><\/p>\n<p style=\"text-align: right;\">Tiszta lappal a tiszt\u00e1bb \u00e9s z\u00f6ldebb k\u00f6rnyezet\u00e9rt.<\/p>\n<p style=\"text-align: right;\">Munk\u00e1nkat a szigor\u00fa k\u00f6rnyezetv\u00e9delmi el\u0151\u00edr\u00e1sok betart\u00e1s\u00e1val v\u00e9gezz\u00fck. C\u00e9g\u00fcnk k\u00f6rnyezetv\u00e9delmi biztos\u00edt\u00e1ssal \u00e9s enged\u00e9lyekkel rendelkezik.<\/p>\n<p style=\"text-align: right;\">Alapelv\u00fcnk a lehet\u0151 legt\u00f6bb \u00fajrahasznos\u00edthat\u00f3 anyag \u00fajrahasznos\u00edt\u00e1sa hiszen mi\u00e9rt n\u00f6veln\u00e9nk a lerak\u00f3 helyek nagys\u00e1g\u00e1t, ha a \"hullad\u00e9k\" tiszta lappal m\u00e1shol \u00faj \u00e9letet \u00e9s funkci\u00f3t t\u00f6lthet be.<\/p>\n<p style=\"text-align: right;\"><strong>\u00a0<\/strong><\/p>\n<p style=\"text-align: right;\"><strong>NEM MINDEN HULLAD\u00c9K AMI HULLAD\u00c9KNAK N\u00c9Z KI!\u00a0<\/strong><\/p>\n<p><strong>\u00a0<\/strong><\/p>\n<\/div>\n<\/div><\/div><\/div><\/div><div id=\"pg-7-2\"  class=\"panel-grid panel-has-style\" ><div class=\"panel-row-style panel-row-style-for-7-2\" ><div id=\"pgc-7-2-0\"  class=\"panel-grid-cell\" ><div id=\"panel-7-2-0-0\" class=\"so-panel widget widget_themegrill_flash_heading tg-widget section-title-wrapper panel-first-child panel-last-child\" data-index=\"2\" >\t<h3 class=\"section-title\">Szolg\u00e1ltat\u00e1saink<\/h3>\n<\/div><\/div><\/div><\/div><div id=\"pg-7-3\"  class=\"panel-grid panel-has-style\" ><div class=\"panel-row-style panel-row-style-for-7-3\" ><div id=\"pgc-7-3-0\"  class=\"panel-grid-cell\" ><div id=\"panel-7-3-0-0\" class=\"so-panel widget widget_themegrill_flash_service tg-widget tg-single-service panel-first-child panel-last-child\" data-index=\"3\" >\n<div class=\"tg-service-widget tg-service-layout-1\">\n\t<div class=\"service-wrapper\">\n\t\t<div class=\"service-icon-title-wrapper clearfix\">\n\t\t\t\t\t\t<div class=\"service-icon-wrap\"><i class=\"fa fa-truck\"><\/i><\/div>\n\t\t\t\t\t\t\t\t\t\t\t\t<h3 class=\"service-title-wrap\">\n\t\t\t\t\u00c9p\u00edt\u00e9si, bont\u00e1si t\u00f6rmel\u00e9k sz\u00e1ll\u00edt\u00e1s\t\t\t\t\t\t\t<\/h3>\n\t\t\t\t\t<\/div>\n\t\t\t\t<div class=\"service-content-wrap\">Inert, \u00e9p\u00edt\u00e9si, bont\u00e1si hullad\u00e9k sz\u00e1ll\u00edt\u00e1s kedvez\u0151 \u00e1ron. Nagyobb mennyis\u00e9g eset\u00e9n egyedi kedvez\u0151 \u00e1raj\u00e1nlat. \n4 m\u00b3 -t\u0151l \u2013 10 m\u00b3-ig.<\/div>\n\t\t\t\t\t<\/div>\n<\/div>\n<\/div><\/div><div id=\"pgc-7-3-1\"  class=\"panel-grid-cell\" ><div id=\"panel-7-3-1-0\" class=\"so-panel widget widget_themegrill_flash_service tg-widget tg-single-service panel-first-child panel-last-child\" data-index=\"4\" >\n<div class=\"tg-service-widget tg-service-layout-1\">\n\t<div class=\"service-wrapper\">\n\t\t<div class=\"service-icon-title-wrapper clearfix\">\n\t\t\t\t\t\t<div class=\"service-icon-wrap\"><i class=\"fa fa-trash\"><\/i><\/div>\n\t\t\t\t\t\t\t\t\t\t\t\t<h3 class=\"service-title-wrap\">\n\t\t\t\tLom, szem\u00e9t, hullad\u00e9k sz\u00e1ll\u00edt\u00e1s\t\t\t\t\t\t\t<\/h3>\n\t\t\t\t\t<\/div>\n\t\t\t\t<div class=\"service-content-wrap\">Lom, szem\u00e9t, hullad\u00e9k sz\u00e1ll\u00edt\u00e1s kedvez\u0151 \u00e1ron. Mi ker\u00fclhet a kont\u00e9nerbe? A foly\u00e9kony \u00e9s vesz\u00e9lyes hullad\u00e9kon k\u00edv\u00fcl b\u00e1rmi. Amire \u00f6n azt mondan\u00e1, hogy szem\u00e9t mi m\u00e9g azt is tov\u00e1bb sz\u00e1ll\u00edtjuk \u00fajrahasznos\u00edt\u00e1s c\u00e9lj\u00e1b\u00f3l hullad\u00e9k fajt\u00e1nk\u00e9t sz\u00e9tv\u00e1logatjuk. \n4 m\u00b3-t\u0151l \u2013 36 m\u00b3 -ig<\/div>\n\t\t\t\t\t<\/div>\n<\/div>\n<\/div><\/div><div id=\"pgc-7-3-2\"  class=\"panel-grid-cell\" ><div id=\"panel-7-3-2-0\" class=\"so-panel widget widget_themegrill_flash_service tg-widget tg-single-service panel-first-child panel-last-child\" data-index=\"5\" >\n<div class=\"tg-service-widget tg-service-layout-1\">\n\t<div class=\"service-wrapper\">\n\t\t<div class=\"service-icon-title-wrapper clearfix\">\n\t\t\t\t\t\t<div class=\"service-icon-wrap\"><i class=\"fa fa-tree\"><\/i><\/div>\n\t\t\t\t\t\t\t\t\t\t\t\t<h3 class=\"service-title-wrap\">\n\t\t\t\tZ\u00f6ld hullad\u00e9k sz\u00e1ll\u00edt\u00e1s\t\t\t\t\t\t\t<\/h3>\n\t\t\t\t\t<\/div>\n\t\t\t\t<div class=\"service-content-wrap\">Z\u00f6ld hullad\u00e9k sz\u00e1ll\u00edt\u00e1s. Rendeljen kont\u00e9nert \u00e9s a kert karbantart\u00e1s sor\u00e1n m\u00e1r egyb\u0151l a kont\u00e9nerbe tudja pakolni z\u00f6ld hullad\u00e9k\u00e1t.\n4 m\u00b3 -t\u0151l \u2013 16 m\u00b3 -ig<\/div>\n\t\t\t\t\t<\/div>\n<\/div>\n<\/div><\/div><div id=\"pgc-7-3-3\"  class=\"panel-grid-cell\" ><div id=\"panel-7-3-3-0\" class=\"so-panel widget widget_themegrill_flash_service tg-widget tg-single-service panel-first-child panel-last-child\" data-index=\"6\" >\n<div class=\"tg-service-widget tg-service-layout-1\">\n\t<div class=\"service-wrapper\">\n\t\t<div class=\"service-icon-title-wrapper clearfix\">\n\t\t\t\t\t\t<div class=\"service-icon-wrap\"><i class=\"fa fa-trash-o\"><\/i><\/div>\n\t\t\t\t\t\t\t\t\t\t\t\t<h3 class=\"service-title-wrap\">\n\t\t\t\tVegyes kont\u00e9ner sz\u00e1ll\u00edt\u00e1s\t\t\t\t\t\t\t<\/h3>\n\t\t\t\t\t<\/div>\n\t\t\t\t<div class=\"service-content-wrap\">Vegyes kont\u00e9ner sz\u00e1ll\u00edt\u00e1s. A vegyes kont\u00e9ner v\u00e1laszt\u00e1sa eset\u00e9n a hullad\u00e9kot keverheti \u00e9p\u00edt\u00e9si t\u00f6rmel\u00e9kkel \u00e9s ford\u00edtva. Ne rendeljen k\u00e9t k\u00fcl\u00f6nb\u00f6z\u0151 kont\u00e9nert, ha egybe is bele megy. \n4 m\u00b3 -t\u0151l \u2013 16 m\u00b3 -ig<\/div>\n\t\t\t\t\t<\/div>\n<\/div>\n<\/div><\/div><\/div><\/div><div id=\"pg-7-4\"  class=\"panel-grid panel-has-style\" ><div class=\"siteorigin-panels-stretch panel-row-style panel-row-style-for-7-4\" data-stretch-type=\"full\" ><div id=\"pgc-7-4-0\"  class=\"panel-grid-cell\" ><div id=\"panel-7-4-0-0\" class=\"so-panel widget widget_themegrill_flash_counter tg-widget tg-single-counter panel-first-child panel-last-child\" data-index=\"7\" ><div class=\"fun-facts-section\">\n\t<div class=\"tg-fun-facts-widget tg-fun-facts-layout-1\">\n\t\t<div class=\"fun-facts-wrapper\">\n\t\t\t\t\t\t<span class=\"fun-facts-icon-wrap\"><i class=\"fa fa-road\"><\/i><\/span>\n\t\t\t\t\t\t\t\t\t<span class=\"counter-wrapper\"><span class=\"counter\">322<\/span><i class=\"fa fa-plus\"><\/i><\/span>\n\t\t\t\t\t\t\t\t\t<h3 class=\"fun-facts-title-wrap\">Projekt<\/h3>\n\t\t\t\t\t<\/div>\n\t<\/div>\n<\/div>\n<\/div><\/div><div id=\"pgc-7-4-1\"  class=\"panel-grid-cell\" ><div id=\"panel-7-4-1-0\" class=\"so-panel widget widget_themegrill_flash_counter tg-widget tg-single-counter panel-first-child panel-last-child\" data-index=\"8\" ><div class=\"fun-facts-section\">\n\t<div class=\"tg-fun-facts-widget tg-fun-facts-layout-1\">\n\t\t<div class=\"fun-facts-wrapper\">\n\t\t\t\t\t\t<span class=\"fun-facts-icon-wrap\"><i class=\"fa fa-user\"><\/i><\/span>\n\t\t\t\t\t\t\t\t\t<span class=\"counter-wrapper\"><span class=\"counter\">1000<\/span><i class=\"fa fa-plus\"><\/i><\/span>\n\t\t\t\t\t\t\t\t\t<h3 class=\"fun-facts-title-wrap\">El\u00e9gedett \u00fcgyf\u00e9l<\/h3>\n\t\t\t\t\t<\/div>\n\t<\/div>\n<\/div>\n<\/div><\/div><div id=\"pgc-7-4-2\"  class=\"panel-grid-cell\" ><div id=\"panel-7-4-2-0\" class=\"so-panel widget widget_themegrill_flash_counter tg-widget tg-single-counter panel-first-child panel-last-child\" data-index=\"9\" ><div class=\"fun-facts-section\">\n\t<div class=\"tg-fun-facts-widget tg-fun-facts-layout-1\">\n\t\t<div class=\"fun-facts-wrapper\">\n\t\t\t\t\t\t<span class=\"fun-facts-icon-wrap\"><i class=\"fa fa-star\"><\/i><\/span>\n\t\t\t\t\t\t\t\t\t<span class=\"counter-wrapper\"><span class=\"counter\">99<\/span><i class=\"fa fa-plus\"><\/i><\/span>\n\t\t\t\t\t\t\t\t\t<h3 class=\"fun-facts-title-wrap\">szerz\u0151d\u00f6tt c\u00e9g<\/h3>\n\t\t\t\t\t<\/div>\n\t<\/div>\n<\/div>\n<\/div><\/div><\/div><\/div><div id=\"pg-7-5\"  class=\"panel-grid panel-has-style\" ><div class=\"siteorigin-panels-stretch panel-row-style panel-row-style-for-7-5\" data-stretch-type=\"full\" ><div id=\"pgc-7-5-0\"  class=\"panel-grid-cell\" ><div id=\"panel-7-5-0-0\" class=\"so-panel widget widget_wpforms-widget wpforms-widget panel-first-child panel-last-child\" data-index=\"10\" ><h3 class=\"widget-title\">Kapcsolat<\/h3><div class=\"wpforms-container wpforms-container-full wpforms-render-modern\" id=\"wpforms-299\"><form id=\"wpforms-form-299\" class=\"wpforms-validate wpforms-form wpforms-ajax-form\" data-formid=\"299\" method=\"post\" enctype=\"multipart\/form-data\" action=\"\/index.php?rest_route=%2Fwp%2Fv2%2Fpages%2F7\" data-token=\"3f7013262eae1fe1f99014b1dc5d1ee7\" data-token-time=\"1776894365\"><noscript class=\"wpforms-error-noscript\">Please enable JavaScript in your browser to complete this form.<\/noscript><div id=\"wpforms-error-noscript\" style=\"display: none;\">Please enable JavaScript in your browser to complete this form.<\/div><div class=\"wpforms-field-container\"><div id=\"wpforms-299-field_0-container\" class=\"wpforms-field wpforms-field-name\" data-field-id=\"0\"><label class=\"wpforms-field-label\" for=\"wpforms-299-field_0\">N\u00e9v <span class=\"wpforms-required-label\" aria-hidden=\"true\">*<\/span><\/label><input type=\"text\" id=\"wpforms-299-field_0\" class=\"wpforms-field-medium wpforms-field-required\" name=\"wpforms[fields][0]\" aria-errormessage=\"wpforms-299-field_0-error\" required><\/div><div id=\"wpforms-299-field_4-container\" class=\"wpforms-field wpforms-field-text\" data-field-id=\"4\"><label class=\"wpforms-field-label\" for=\"wpforms-299-field_4\">Telefon <span class=\"wpforms-required-label\" aria-hidden=\"true\">*<\/span><\/label><input type=\"text\" id=\"wpforms-299-field_4\" class=\"wpforms-field-medium wpforms-field-required\" name=\"wpforms[fields][4]\" aria-errormessage=\"wpforms-299-field_4-error\" required><\/div><div id=\"wpforms-299-field_1-container\" class=\"wpforms-field wpforms-field-email\" data-field-id=\"1\"><label class=\"wpforms-field-label\" for=\"wpforms-299-field_1\">Email <span class=\"wpforms-required-label\" aria-hidden=\"true\">*<\/span><\/label><input type=\"email\" id=\"wpforms-299-field_1\" class=\"wpforms-field-medium wpforms-field-required\" name=\"wpforms[fields][1]\" spellcheck=\"false\" aria-errormessage=\"wpforms-299-field_1-error\" required><\/div><div id=\"wpforms-299-field_2-container\" class=\"wpforms-field wpforms-field-textarea\" data-field-id=\"2\"><label class=\"wpforms-field-label\" for=\"wpforms-299-field_2\">\u00dczenet <span class=\"wpforms-required-label\" aria-hidden=\"true\">*<\/span><\/label><textarea id=\"wpforms-299-field_2\" class=\"wpforms-field-medium wpforms-field-required\" name=\"wpforms[fields][2]\" aria-errormessage=\"wpforms-299-field_2-error\" required><\/textarea><\/div><\/div><!-- .wpforms-field-container --><div class=\"wpforms-recaptcha-container wpforms-is-hcaptcha\" ><div class=\"h-captcha\" data-sitekey=\"02dffe80-b693-48ed-96b3-d7a8592b9646\"><\/div><input type=\"text\" name=\"g-recaptcha-hidden\" class=\"wpforms-recaptcha-hidden\" style=\"position:absolute!important;clip:rect(0,0,0,0)!important;height:1px!important;width:1px!important;border:0!important;overflow:hidden!important;padding:0!important;margin:0!important;\" data-rule-hcaptcha=\"1\"><\/div><div class=\"wpforms-submit-container\" ><input type=\"hidden\" name=\"wpforms[id]\" value=\"299\"><input type=\"hidden\" name=\"page_title\" value=\"\"><input type=\"hidden\" name=\"page_url\" value=\"https:\/\/okokontener.hu\/index.php?rest_route=\/wp\/v2\/pages\/7\"><input type=\"hidden\" name=\"url_referer\" value=\"\"><button type=\"submit\" name=\"wpforms[submit]\" id=\"wpforms-submit-299\" class=\"wpforms-submit\" data-alt-text=\"Folyamatban...\" data-submit-text=\"Elk\u00fcld\u00e9s\" aria-live=\"assertive\" value=\"wpforms-submit\">Elk\u00fcld\u00e9s<\/button><img loading=\"lazy\" decoding=\"async\" src=\"https:\/\/okokontener.hu\/wp-content\/plugins\/wpforms-lite\/assets\/images\/submit-spin.svg\" class=\"wpforms-submit-spinner\" style=\"display: none;\" width=\"26\" height=\"26\" alt=\"Loading\"><\/div><\/form><\/div>  <!-- .wpforms-container --><\/div><\/div><div id=\"pgc-7-5-1\"  class=\"panel-grid-cell\" ><div id=\"panel-7-5-1-0\" class=\"widget_text so-panel widget widget_custom_html panel-first-child panel-last-child\" data-index=\"11\" ><h3 class=\"widget-title\">T\u00e9rk\u00e9p<\/h3><div class=\"textwidget custom-html-widget\"><iframe src=\"https:\/\/www.google.com\/maps\/embed?pb=!1m14!1m8!1m3!1d5426.352645255958!2d18.920268!3d47.15440100000001!3m2!1i1024!2i768!4f13.1!3m3!1m2!1s0x4741f7bd8e497e51%3A0xabf2b13ef615a0ad!2zVMOzdGggSsOhbm9zIEh1bGxhZMOpa3VkdmFy!5e0!3m2!1shu!2sus!4v1710751152946!5m2!1shu!2sus\" width=\"1500\" height=\"700\" style=\"border:0;\" allowfullscreen=\"\" loading=\"lazy\" referrerpolicy=\"no-referrer-when-downgrade\"><\/iframe><\/div><\/div><\/div><\/div><\/div><\/div>","protected":false},"excerpt":{"rendered":"<p>K\u00f6rnyezetv\u00e9delmi politik\u00e1nk &nbsp; Tiszta lappal a tiszt\u00e1bb \u00e9s z\u00f6ldebb k\u00f6rnyezet\u00e9rt. Munk\u00e1nkat a szigor\u00fa k\u00f6rnyezetv\u00e9delmi el\u0151\u00edr\u00e1sok betart\u00e1s\u00e1val v\u00e9gezz\u00fck. C\u00e9g\u00fcnk k\u00f6rnyezetv\u00e9delmi biztos\u00edt\u00e1ssal [&hellip;]<\/p>\n","protected":false},"author":1,"featured_media":0,"parent":0,"menu_order":0,"comment_status":"closed","ping_status":"closed","template":"page-templates\/pagebuilder.php","meta":{"footnotes":""},"class_list":["post-7","page","type-page","status-publish","hentry"],"_links":{"self":[{"href":"https:\/\/okokontener.hu\/index.php?rest_route=\/wp\/v2\/pages\/7","targetHints":{"allow":["GET"]}}],"collection":[{"href":"https:\/\/okokontener.hu\/index.php?rest_route=\/wp\/v2\/pages"}],"about":[{"href":"https:\/\/okokontener.hu\/index.php?rest_route=\/wp\/v2\/types\/page"}],"author":[{"embeddable":true,"href":"https:\/\/okokontener.hu\/index.php?rest_route=\/wp\/v2\/users\/1"}],"replies":[{"embeddable":true,"href":"https:\/\/okokontener.hu\/index.php?rest_route=%2Fwp%2Fv2%2Fcomments&post=7"}],"version-history":[{"count":64,"href":"https:\/\/okokontener.hu\/index.php?rest_route=\/wp\/v2\/pages\/7\/revisions"}],"predecessor-version":[{"id":535,"href":"https:\/\/okokontener.hu\/index.php?rest_route=\/wp\/v2\/pages\/7\/revisions\/535"}],"wp:attachment":[{"href":"https:\/\/okokontener.hu\/index.php?rest_route=%2Fwp%2Fv2%2Fmedia&parent=7"}],"curies":[{"name":"wp","href":"https:\/\/api.w.org\/{rel}","templated":true}]}}